{"id":9,"date":"2023-02-17T19:32:23","date_gmt":"2023-02-17T18:32:23","guid":{"rendered":"https:\/\/www.granzers.de\/massage\/?page_id=4"},"modified":"2023-02-17T19:32:23","modified_gmt":"2023-02-17T18:32:23","slug":"herzlich-willkommen","status":"publish","type":"page","link":"https:\/\/granzers.de\/massage\/","title":{"rendered":"Herzlich Willkommen&#8230;"},"content":{"rendered":"\n<p>&#8230; bei der Mobilen Massage Elisabeth Granzer<\/p>\n\n\n<div class=\"wp-block-image is-style-rounded\">\n<figure class=\"aligncenter is-resized\"><img loading=\"lazy\" decoding=\"async\" src=\"https:\/\/granzers.de\/massage\/massage\/wp-content\/uploads\/sites\/4\/2023\/02\/eg_sw_1-683x1024.jpg\" alt=\"\" class=\"wp-image-61\" width=\"145\" height=\"216\" srcset=\"https:\/\/granzers.de\/massage\/wp-content\/uploads\/2023\/02\/eg_sw_1-683x1024.jpg 683w, https:\/\/granzers.de\/massage\/wp-content\/uploads\/2023\/02\/eg_sw_1-768x1151.jpg 768w, https:\/\/granzers.de\/massage\/wp-content\/uploads\/2023\/02\/eg_sw_1-1025x1536.jpg 1025w, https:\/\/granzers.de\/massage\/wp-content\/uploads\/2023\/02\/eg_sw_1.jpg 1086w\" sizes=\"auto, (max-width: 145px) 100vw, 145px\" \/><\/figure>\n<\/div>\n\n\n<hr class=\"wp-block-separator has-alpha-channel-opacity\"\/>\n\n\n\n<h2 class=\"wp-block-heading\">Bei mir sind Sie in besten H\u00e4nden!<\/h2>\n\n\n\n<p>Als ausgebildete staatlich gepr\u00fcfte Masseurin und medizinische Bademeisterin biete ich Ihnen professionelle und medizinisch fundierte Massagen &#8211; zur Entspannung, zum Wohlf\u00fchlen &#8230;. damit es Ihnen gut geht!<\/p>\n\n\n\n<p>Ich nehme mir individuell f\u00fcr Sie und Ihre Anspr\u00fcche Zeit.<\/p>\n\n\n\n<p>Meine Leistungen erbringe ich f\u00fcr Sie ohne \u00e4rztliche Verordnung.<\/p>\n\n\n\n<p>Behandlungen biete ich Ihnen nach Vereinbarung von Dienstag bis Donnerstag zwischen 8h und 19h und Freitags zwischen 8h und 13h an.<\/p>\n\n\n\n<hr class=\"wp-block-separator has-alpha-channel-opacity\"\/>\n\n\n\n<h2 class=\"wp-block-heading\">\u00dcber mich<\/h2>\n\n\n\n<p>Entspannung, Wohlf\u00fchlen, Geniessen &#8230; in fachkundigen H\u00e4nden. Als staatlich gepr\u00fcfte Masseurin und medizinische Bademeisterin biete ich Ihnen kompetente und professionelle Massagen, die Ihrem K\u00f6rper und Ihrer Seele gut tun.<\/p>\n\n\n\n<p>Ich habe meinen Beruf im Rahmen einer zweieinhalbj\u00e4hrigen Ausbildung an der renommierten&nbsp;<a href=\"https:\/\/www.massage.bszg-erlangen.de\/\" target=\"_blank\" rel=\"noreferrer noopener\">&#8222;Staatlichen Berufsfachschule f\u00fcr Masseure und medizinische Bademeister&#8220;<\/a>&nbsp;in Erlangen erlernt. Meinen Beruf habe ich mit viel Freude und Leidenschaft sowohl in einer fachkundigen Praxis f\u00fcr physikalische Therapie als auch in den Physiotherapieabteilungen verschiedener Krankenh\u00e4user ausge\u00fcbt. Diverse Zusatzausbildungen wie z.B. Lymphdrainage nach Dr. F\u00f6ldi, Schlingentischtherapie etc. vervollst\u00e4ndigen mein Berufsbild.<\/p>\n\n\n\n<p>Schon seit 2004 bin ich nun regional im F\u00fcnf-Seen-Land f\u00fcr Sie t\u00e4tig &#8211; professionell, mobil und kompetent. Dabei habe ich mich spezialisiert auf Massagen, die Ihr Wohlbefinden f\u00f6rdern.<\/p>\n\n\n\n<hr class=\"wp-block-separator has-alpha-channel-opacity\"\/>\n\n\n\n<h2 class=\"wp-block-heading\">Kontakt<\/h2>\n\n\n\n<p>Sie haben noch Fragen oder m\u00f6chten gerne detailliertere Informationen? Bitte kontaktieren Sie mich einfach telefonisch oder per&nbsp;<a href=\"mailto:massage@granzernet.de\" target=\"_blank\" rel=\"noreferrer noopener\">E-Mail<\/a>. Gerne beantworte ich Ihre Fragen telefonisch und \/ oder vereinbare mit Ihnen einen pers\u00f6nlichen Behandlungstermin.<\/p>\n\n\n\n<p>Ich bin f\u00fcr Sie erreichbar per E-Mail (<a href=\"mailto:massage@granzernet.de\" target=\"_blank\" rel=\"noreferrer noopener\">massage@granzernet.de<\/a>) oder telefonisch unter 08157 99636 22.<\/p>\n\n\n\n<p>Pers\u00f6nlich finden Sie mich in P\u00f6cking, Lindenberg 177.<\/p>\n","protected":false},"excerpt":{"rendered":"<p>&#8230; bei der Mobilen Massage Elisabeth Granzer Bei mir sind Sie in besten H\u00e4nden! Als ausgebildete staatlich gepr\u00fcfte Masseurin und medizinische Bademeisterin biete ich Ihnen professionelle und medizinisch fundierte Massagen &#8211; zur Entspannung, zum Wohlf\u00fchlen &#8230;. damit es Ihnen gut geht! Ich nehme mir individuell f\u00fcr Sie und Ihre Anspr\u00fcche Zeit. Meine Leistungen erbringe ich [&hellip;]<\/p>\n","protected":false},"author":1,"featured_media":0,"parent":0,"menu_order":0,"comment_status":"closed","ping_status":"closed","template":"","meta":{"_coblocks_attr":"","_coblocks_dimensions":"","_coblocks_responsive_height":"","_coblocks_accordion_ie_support":"","footnotes":""},"class_list":["post-9","page","type-page","status-publish","hentry"],"_links":{"self":[{"href":"https:\/\/granzers.de\/massage\/wp-json\/wp\/v2\/pages\/9","targetHints":{"allow":["GET"]}}],"collection":[{"href":"https:\/\/granzers.de\/massage\/wp-json\/wp\/v2\/pages"}],"about":[{"href":"https:\/\/granzers.de\/massage\/wp-json\/wp\/v2\/types\/page"}],"author":[{"embeddable":true,"href":"https:\/\/granzers.de\/massage\/wp-json\/wp\/v2\/users\/1"}],"replies":[{"embeddable":true,"href":"https:\/\/granzers.de\/massage\/wp-json\/wp\/v2\/comments?post=9"}],"version-history":[{"count":0,"href":"https:\/\/granzers.de\/massage\/wp-json\/wp\/v2\/pages\/9\/revisions"}],"wp:attachment":[{"href":"https:\/\/granzers.de\/massage\/wp-json\/wp\/v2\/media?parent=9"}],"curies":[{"name":"wp","href":"https:\/\/api.w.org\/{rel}","templated":true}]}}