{"id":21,"date":"2023-02-19T12:10:43","date_gmt":"2023-02-19T11:10:43","guid":{"rendered":"https:\/\/www.granzers.de\/massage\/?page_id=21"},"modified":"2023-02-19T12:10:43","modified_gmt":"2023-02-19T11:10:43","slug":"leistungsspektrum","status":"publish","type":"page","link":"https:\/\/granzers.de\/massage\/leistungsspektrum\/","title":{"rendered":"Leistungsspektrum"},"content":{"rendered":"\n<p>Meine fundierte und staatlich anerkannte Ausbildung garantiert Ihnen eine professionelle Behandlung.<\/p>\n\n\n\n<p>Ich biete Ihnen:<\/p>\n\n\n\n<p>Hausbesuche im Raum P\u00f6cking\/Tutzing\/Feldafing<br>Ganzk\u00f6rpermassagen (ca. 40 Minuten)<br>R\u00fcckenmassagen inkl. beider Arme (ca. 25 Minuten)<br>Nackenmassagen (individuell)<br>Gesichtsmassagen (individuell)Geschenkgutscheine<\/p>\n\n\n\n<p>&#8230; und das alles, wenn Sie m\u00f6chten, ganz entspannend und bequem bei Ihnen zu Hause.<\/p>\n\n\n\n<p>Selbstverst\u00e4ndlich verwende ich nur hochwertige Massage- und Aroma\u00f6le (z.B. Weleda, Schupp etc.) &#8211; ohne Aufpreis.<\/p>\n\n\n\n<p>Gerne richte ich mich dabei auch nach Ihren pers\u00f6nlichen W\u00fcnschen f\u00fcr eine individuelle Behandlung.<\/p>\n\n\n\n<p>Sie haben noch weitere Fragen oder m\u00f6chten detailliertere Informationen?&nbsp;Rufen Sie mich doch einfach an! Ich bin f\u00fcr Sie telefonisch erreichbar unter 08157 99636 22<\/p>\n","protected":false},"excerpt":{"rendered":"<p>Meine fundierte und staatlich anerkannte Ausbildung garantiert Ihnen eine professionelle Behandlung. Ich biete Ihnen: Hausbesuche im Raum P\u00f6cking\/Tutzing\/FeldafingGanzk\u00f6rpermassagen (ca. 40 Minuten)R\u00fcckenmassagen inkl. beider Arme (ca. 25 Minuten)Nackenmassagen (individuell)Gesichtsmassagen (individuell)Geschenkgutscheine &#8230; und das alles, wenn Sie m\u00f6chten, ganz entspannend und bequem bei Ihnen zu Hause. Selbstverst\u00e4ndlich verwende ich nur hochwertige Massage- und Aroma\u00f6le (z.B. Weleda, Schupp [&hellip;]<\/p>\n","protected":false},"author":1,"featured_media":0,"parent":0,"menu_order":0,"comment_status":"closed","ping_status":"closed","template":"","meta":{"_coblocks_attr":"","_coblocks_dimensions":"","_coblocks_responsive_height":"","_coblocks_accordion_ie_support":"","footnotes":""},"class_list":["post-21","page","type-page","status-publish","hentry"],"_links":{"self":[{"href":"https:\/\/granzers.de\/massage\/wp-json\/wp\/v2\/pages\/21","targetHints":{"allow":["GET"]}}],"collection":[{"href":"https:\/\/granzers.de\/massage\/wp-json\/wp\/v2\/pages"}],"about":[{"href":"https:\/\/granzers.de\/massage\/wp-json\/wp\/v2\/types\/page"}],"author":[{"embeddable":true,"href":"https:\/\/granzers.de\/massage\/wp-json\/wp\/v2\/users\/1"}],"replies":[{"embeddable":true,"href":"https:\/\/granzers.de\/massage\/wp-json\/wp\/v2\/comments?post=21"}],"version-history":[{"count":0,"href":"https:\/\/granzers.de\/massage\/wp-json\/wp\/v2\/pages\/21\/revisions"}],"wp:attachment":[{"href":"https:\/\/granzers.de\/massage\/wp-json\/wp\/v2\/media?parent=21"}],"curies":[{"name":"wp","href":"https:\/\/api.w.org\/{rel}","templated":true}]}}